{"id":458,"date":"2020-02-16T18:29:18","date_gmt":"2020-02-16T17:29:18","guid":{"rendered":"https:\/\/www.palixon.com\/?page_id=458"},"modified":"2020-02-16T18:29:51","modified_gmt":"2020-02-16T17:29:51","slug":"home","status":"publish","type":"page","link":"https:\/\/www.palixon.com\/de\/","title":{"rendered":"Home"},"content":{"rendered":"\n<section class=\"site__element\" data-headercolor=\"black\">\n\n\t<div class=\"site__container cols-two\">\n\t\t\n\t\t\t\t\t<div class=\"cols-two__left cols-two__left--small\">\n\t\t\t\t<p class=\"text-accent\">01 \u2014 Was ist PALIXON\u00ae<\/p>\n\t\t\t<\/div>\n\t\t\t\t\t\n\t\t\t\t\t<div class=\"cols-two__right cols-two__right--big\">\n\t\t\t\t<h2>Das PALIXON\u00ae Zaunsystem setzt v\u00f6llig neue Ma\u00dfst\u00e4be. Gehen Sie keine Kompromisse mehr ein.<\/h2>\n\t\t\t\t<div class=\"cols\">\n\t\t\t\t\t<div class=\"cols__col\">\n\t\t\t\t\t\t<p>Das PALIXON\u00ae-System setzt neue Ma\u00dfst\u00e4be, indem es Design, Kreativit\u00e4t, Technologie und Funktionalit\u00e4t gleicherma\u00dfen verbindet. Durch ein einzigartiges Design und neuartige Funktionen hebt es sich von anderen, auf dem Markt erh\u00e4ltlichen, Produkten ab. Sie k\u00f6nnen aus einer Reihe von verschiedenen F\u00fcllmaterialien und Funktionen w\u00e4hlen, diese kombinieren oder zu einem sp\u00e4teren Zeitpunkt wieder austauschen. So sind Ihrer Kreativit\u00e4t keine Grenzen gesetzt und Sie k\u00f6nnen das System immer wieder neu entdecken.<\/p>\n\t\t\t\t\t<\/div>\n\t\t\t\t\t<div class=\"cols__col\">\n\t\t\t\t\t\t<p>Als besonderes Highlight k\u00f6nnen Sie den Zaun mit einer einzigartigen LED Beleuchtung best\u00fccken, welche im Zusammenspiel mit Glas-F\u00fcllelementen zu einem faszinierenden Licht- und Farbenspiel verschmilzt. \u00dcber die smarte Ansteuerung, welche sich mit Ihrem heimischen Internet verbinden l\u00e4sst, bestehen auch in Sachen Farbwahl und Funktionen nahezu grenzenlose M\u00f6glichkeiten. Damit Sie mit Ihrem PALIXON\u00ae-System langfristig Freude haben, setzen<br \/>\nwir in der Produktion ausschlie\u00dflich auf hochwertige und langlebige Materialien. Erleben Sie auf den folgenden, warum PALIXON\u00ae mehr als nur ein Zaun ist.<\/p>\n\t\t\t\t\t<\/div>\n\t\t\t\t<\/div>\n\t\t\t<\/div>\n\n\t\t\n\t<\/div>\n<\/section>\n\n\n<section class=\"site__element\" data-headercolor=\"black\">\n\t<div class=\"site__container cols-two\">\n\t\t<div class=\"cols-two__left cols-two__left--small\">\n\t\t\t<p class=\"text-accent\">02 \u2014 Messetermine<\/p>\n\t\t<\/div>\n\t\t\n\t\t<div class=\"cols-two__right cols-two__right--big\">\n\t\t\t<ul class=\"datelist\">\n\n\t\t\t\t\t\t\t\t\t\n\t\t\t\t\t\t\n\t\t\t\t\t\t<li class=\"datelist__entry\">\n\t\t\t\t\t\t\t<div class=\"datelist__image\" style=\"background-image: url(https:\/\/www.palixon.com\/wp-content\/uploads\/2019\/11\/thebig5-logo-340x162.png);\"><\/div>\n\t\t\t\t\t\t\t<h4 class=\"datelist__title\">The Big 5<\/h4>\n\t\t\t\t\t\t\t<p class=\"datelist__info\">\n\t\t\t\t\t\t\t\t<span class=\"datelist__date\">25.11. &#8211; 28.11.2019<\/span> \n\t\t\t\t\t\t\t\t<span class=\"datelist__location\">Dubai World Trade Center<\/span>\n\t\t\t\t\t\t\t<\/p>\n\t\t\t\t\t\t<\/li>\n\n\t\t\t\t\t\n\t\t\t\t\t\t\n\t\t\t\t\t\t<li class=\"datelist__entry\">\n\t\t\t\t\t\t\t<div class=\"datelist__image\" style=\"background-image: url(https:\/\/www.palixon.com\/wp-content\/uploads\/2019\/11\/image.png);\"><\/div>\n\t\t\t\t\t\t\t<h4 class=\"datelist__title\">Perimeter Protection<\/h4>\n\t\t\t\t\t\t\t<p class=\"datelist__info\">\n\t\t\t\t\t\t\t\t<span class=\"datelist__date\">14.01. &#8211; 16.01.2020<\/span> \n\t\t\t\t\t\t\t\t<span class=\"datelist__location\">Messe N\u00fcrnberg<\/span>\n\t\t\t\t\t\t\t<\/p>\n\t\t\t\t\t\t<\/li>\n\n\t\t\t\t\t\n\t\t\t\t\t\t\n\t\t\t\t\t\t<li class=\"datelist__entry\">\n\t\t\t\t\t\t\t<div class=\"datelist__image\" style=\"background-image: url(https:\/\/www.palixon.com\/wp-content\/uploads\/2019\/11\/hanseBAU_rotDatumBAT-340x213.jpg);\"><\/div>\n\t\t\t\t\t\t\t<h4 class=\"datelist__title\">hanseBau<\/h4>\n\t\t\t\t\t\t\t<p class=\"datelist__info\">\n\t\t\t\t\t\t\t\t<span class=\"datelist__date\">17.01. &#8211; 19.01.2020<\/span> \n\t\t\t\t\t\t\t\t<span class=\"datelist__location\">Messe Bremen<\/span>\n\t\t\t\t\t\t\t<\/p>\n\t\t\t\t\t\t<\/li>\n\n\t\t\t\t\t\n\t\t\t\t\t\t\n\t\t\t\t\t\t<li class=\"datelist__entry\">\n\t\t\t\t\t\t\t<div class=\"datelist__image\" style=\"background-image: url();\"><\/div>\n\t\t\t\t\t\t\t<h4 class=\"datelist__title\">MosBuild<\/h4>\n\t\t\t\t\t\t\t<p class=\"datelist__info\">\n\t\t\t\t\t\t\t\t<span class=\"datelist__date\">31.03. &#8211; 03.04.2020<\/span> \n\t\t\t\t\t\t\t\t<span class=\"datelist__location\">Crocus Expo, Moscow<\/span>\n\t\t\t\t\t\t\t<\/p>\n\t\t\t\t\t\t<\/li>\n\n\t\t\t\t\t\t\t\t\t\t\t\t<\/ul>\n\t\t<\/div>\n\t<\/div>\n<\/section>\n\n\n<section class=\"imagegrid site__element\">\n\t<div class=\"imagegrid__container site__container site__container--fullwidth\">\n\t\t<div class=\"imagegrid__item imagegrid__xl-1\">\n\t\t\t<img decoding=\"async\" src=\"https:\/\/www.palixon.com\/wp-content\/uploads\/2019\/11\/palixon-mockup-05-001-880x574.jpg\" alt=\"\">\n\t\t<\/div>\n\t\t<div class=\"imagegrid__item imagegrid__st-1\">\n\t\t\t<img decoding=\"async\" src=\"https:\/\/www.palixon.com\/wp-content\/uploads\/2019\/11\/palixon-mockup-07-001-2-880x624.jpg\" alt=\"\">\n\t\t\t<h2 class=\"imagegrid__title\">Get yourself inspired from the variety of possibilities<\/h2>\n\t\t<\/div>\n\t\t<div class=\"imagegrid__item imagegrid__st-2\">\n\t\t\t<img decoding=\"async\" src=\"https:\/\/www.palixon.com\/wp-content\/uploads\/2019\/11\/palixon-mockup-05-003-880x570.jpg\" alt=\"\">\n\t\t<\/div>\n\t\t<div class=\"imagegrid__item imagegrid__st-3\">\n\t\t\t<img decoding=\"async\" src=\"https:\/\/www.palixon.com\/wp-content\/uploads\/2019\/11\/palixon-mockup-11-001-880x717.jpg\" alt=\"\">\n\t\t<\/div>\n\t\t<div class=\"imagegrid__item imagegrid__xl-2\">\n\t\t\t<img decoding=\"async\" src=\"https:\/\/www.palixon.com\/wp-content\/uploads\/2019\/11\/palixon-mockup-05-002-880x570.jpg\" alt=\"\">\n\t\t<\/div>\n\t<\/div>\n<\/section>\n\n\n<section class=\"site__element\" data-headercolor=\"black\">\n\n\t<div class=\"site__container cols-two\">\n\t\t\n\t\t\t\t\t<div class=\"cols-two__left cols-two__left--small\">\n\t\t\t\t<p class=\"text-accent\">03 \u2014 EIGENSCHAFTEN<\/p>\n\t\t\t<\/div>\n\t\t\t\t\t\n\t\t\n\t\t\t<div class=\"cols-two__right cols-two__right--big\">\n\t\t\t\t<ul class=\"list list--icons\">\n<li class=\"list__item list__item--1\"><strong>Modular<\/strong>Tauschen Sie Ihre F\u00fcllelemente nach Belieben aus<\/li>\n<li class=\"list__item list__item--2\"><strong>INDIVIDUELL<\/strong>Lassen Sie Ihrer Kreativit\u00e4t freien Lauf<\/li>\n<li class=\"list__item list__item--6\"><strong>PRIVATSPH\u00c4RE<\/strong>F\u00fcllelemente mit Sichtschutz<\/li>\n<li class=\"list__item list__item--4\"><strong>BELEUCHTET<\/strong>Lassen Sie Ihre Vorstellungen wahr werden<\/li>\n<li class=\"list__item list__item--5\"><strong>LANGLEBIG<\/strong>Wir verwenden ausschlie\u00dflich hochwertige Materialien<\/li>\n<li class=\"list__item list__item--3\"><strong>SMART<\/strong>Eine smarte Steuerung f\u00fcr einzigartige Funktionen<\/li>\n<\/ul>\n\t\t\t<\/div>\n\n\t\t\n\t<\/div>\n<\/section>\n\n<section id=\"grid-block_5dd83b1e59c99\" class=\"site__element alignwide\" data-headercolor=\"black\">\n\t<div class=\"imageslider site__container site__container--fullwidth-right\">\n\t\t<div class=\"imageslider__actions\">\n\t\t\t<div class=\"imageslider__controls\">\n\t\t\t\t<button type=\"button\" class=\"imageslider__button imageslider__button--next btn btn--arrow-right\"><\/button>\n\t\t\t\t<button type=\"button\" class=\"imageslider__button imageslider__button--prev btn btn--arrow-left\"><\/button>\n\t\t\t<\/div>\n\t\t\t<div class=\"imageslider__process\">\n\t\t\t\t<div class=\"imageslider__current\">\n\t\t\t\t<\/div>\n\t\t\t\t<div class=\"imageslider__bar\">\n\t\t\t\t\t<span class=\"imageslider__status\"><\/span>\n\t\t\t\t<\/div>\n\t\t\t\t<div class=\"imageslider__total\"><\/div>\n\t\t\t<\/div>\n\t\t<\/div>\n\t\t<div class=\"imageslider__slider swiper-container\">\n\t\t\t<div class=\"swiper-wrapper\">\n\t\t\t\t\n\t\t\t\t\t\t\t\t\t\t\t\t\t\t\t<div class=\"imageslider__item swiper-slide\">\n\t\t\t\t\t\t\t<div data-background=\"https:\/\/www.palixon.com\/wp-content\/uploads\/2019\/11\/palixon-mockup-05-001-1980x1293.jpg\" class=\"imageslider__image swiper-lazy\">\n\t\t\t\t\t\t\t\t<div class=\"swiper-lazy-preloader\"><\/div>\n\t\t\t\t\t\t\t<\/div>\n\t\t\t\t\t\t<\/div>\n\t\t\t\t\t\t\t\t\t\t\t<div class=\"imageslider__item swiper-slide\">\n\t\t\t\t\t\t\t<div data-background=\"https:\/\/www.palixon.com\/wp-content\/uploads\/2019\/11\/palixon-mockup-06-001-1980x611.jpg\" class=\"imageslider__image swiper-lazy\">\n\t\t\t\t\t\t\t\t<div class=\"swiper-lazy-preloader\"><\/div>\n\t\t\t\t\t\t\t<\/div>\n\t\t\t\t\t\t<\/div>\n\t\t\t\t\t\t\t\t\t\t\t<div class=\"imageslider__item swiper-slide\">\n\t\t\t\t\t\t\t<div data-background=\"https:\/\/www.palixon.com\/wp-content\/uploads\/2019\/11\/palixon-mockup-11-001.jpg\" class=\"imageslider__image swiper-lazy\">\n\t\t\t\t\t\t\t\t<div class=\"swiper-lazy-preloader\"><\/div>\n\t\t\t\t\t\t\t<\/div>\n\t\t\t\t\t\t<\/div>\n\t\t\t\t\t\t\t\t\t\t\t\t\t\n\t\t\t<\/div>\n\t\t<\/div>\n\t<\/div>\n<\/section>","protected":false},"excerpt":{"rendered":"","protected":false},"author":2,"featured_media":0,"parent":0,"menu_order":1,"comment_status":"closed","ping_status":"closed","template":"template-home.php","meta":{"_acf_changed":false,"_exactmetrics_skip_tracking":false,"_exactmetrics_sitenote_active":false,"_exactmetrics_sitenote_note":"","_exactmetrics_sitenote_category":0,"footnotes":""},"class_list":["post-458","page","type-page","status-publish","hentry"],"acf":[],"yoast_head":"<!-- This site is optimized with the Yoast SEO plugin v23.8 - https:\/\/yoast.com\/wordpress\/plugins\/seo\/ -->\n<title>Home &#8211; Palixon<\/title>\n<meta name=\"robots\" content=\"index, follow, max-snippet:-1, max-image-preview:large, max-video-preview:-1\" \/>\n<link rel=\"canonical\" href=\"https:\/\/www.palixon.com\/de\/\" \/>\n<meta property=\"og:locale\" content=\"de_DE\" \/>\n<meta property=\"og:type\" content=\"article\" \/>\n<meta property=\"og:title\" content=\"Home &#8211; Palixon\" \/>\n<meta property=\"og:url\" content=\"https:\/\/www.palixon.com\/de\/\" \/>\n<meta property=\"og:site_name\" content=\"Palixon\" \/>\n<meta property=\"article:modified_time\" content=\"2020-02-16T17:29:51+00:00\" \/>\n<meta property=\"og:image\" content=\"https:\/\/www.palixon.com\/wp-content\/uploads\/2019\/11\/palixon-facebook-header.jpg\" \/>\n\t<meta property=\"og:image:width\" content=\"1920\" \/>\n\t<meta property=\"og:image:height\" content=\"1080\" \/>\n\t<meta property=\"og:image:type\" content=\"image\/jpeg\" \/>\n<meta name=\"twitter:card\" content=\"summary_large_image\" \/>\n<script type=\"application\/ld+json\" class=\"yoast-schema-graph\">{\"@context\":\"https:\/\/schema.org\",\"@graph\":[{\"@type\":\"WebPage\",\"@id\":\"https:\/\/www.palixon.com\/de\/\",\"url\":\"https:\/\/www.palixon.com\/de\/\",\"name\":\"Home &#8211; Palixon\",\"isPartOf\":{\"@id\":\"https:\/\/www.palixon.com\/#website\"},\"datePublished\":\"2020-02-16T17:29:18+00:00\",\"dateModified\":\"2020-02-16T17:29:51+00:00\",\"breadcrumb\":{\"@id\":\"https:\/\/www.palixon.com\/de\/#breadcrumb\"},\"inLanguage\":\"de\",\"potentialAction\":[{\"@type\":\"ReadAction\",\"target\":[\"https:\/\/www.palixon.com\/de\/\"]}]},{\"@type\":\"BreadcrumbList\",\"@id\":\"https:\/\/www.palixon.com\/de\/#breadcrumb\",\"itemListElement\":[{\"@type\":\"ListItem\",\"position\":1,\"name\":\"Startseite\",\"item\":\"https:\/\/www.palixon.com\/de\/\"},{\"@type\":\"ListItem\",\"position\":2,\"name\":\"Home\"}]},{\"@type\":\"WebSite\",\"@id\":\"https:\/\/www.palixon.com\/#website\",\"url\":\"https:\/\/www.palixon.com\/\",\"name\":\"Palixon\",\"description\":\"\",\"potentialAction\":[{\"@type\":\"SearchAction\",\"target\":{\"@type\":\"EntryPoint\",\"urlTemplate\":\"https:\/\/www.palixon.com\/?s={search_term_string}\"},\"query-input\":{\"@type\":\"PropertyValueSpecification\",\"valueRequired\":true,\"valueName\":\"search_term_string\"}}],\"inLanguage\":\"de\"}]}<\/script>\n<!-- \/ Yoast SEO plugin. -->","yoast_head_json":{"title":"Home &#8211; Palixon","robots":{"index":"index","follow":"follow","max-snippet":"max-snippet:-1","max-image-preview":"max-image-preview:large","max-video-preview":"max-video-preview:-1"},"canonical":"https:\/\/www.palixon.com\/de\/","og_locale":"de_DE","og_type":"article","og_title":"Home &#8211; Palixon","og_url":"https:\/\/www.palixon.com\/de\/","og_site_name":"Palixon","article_modified_time":"2020-02-16T17:29:51+00:00","og_image":[{"width":1920,"height":1080,"url":"https:\/\/www.palixon.com\/wp-content\/uploads\/2019\/11\/palixon-facebook-header.jpg","type":"image\/jpeg"}],"twitter_card":"summary_large_image","schema":{"@context":"https:\/\/schema.org","@graph":[{"@type":"WebPage","@id":"https:\/\/www.palixon.com\/de\/","url":"https:\/\/www.palixon.com\/de\/","name":"Home &#8211; Palixon","isPartOf":{"@id":"https:\/\/www.palixon.com\/#website"},"datePublished":"2020-02-16T17:29:18+00:00","dateModified":"2020-02-16T17:29:51+00:00","breadcrumb":{"@id":"https:\/\/www.palixon.com\/de\/#breadcrumb"},"inLanguage":"de","potentialAction":[{"@type":"ReadAction","target":["https:\/\/www.palixon.com\/de\/"]}]},{"@type":"BreadcrumbList","@id":"https:\/\/www.palixon.com\/de\/#breadcrumb","itemListElement":[{"@type":"ListItem","position":1,"name":"Startseite","item":"https:\/\/www.palixon.com\/de\/"},{"@type":"ListItem","position":2,"name":"Home"}]},{"@type":"WebSite","@id":"https:\/\/www.palixon.com\/#website","url":"https:\/\/www.palixon.com\/","name":"Palixon","description":"","potentialAction":[{"@type":"SearchAction","target":{"@type":"EntryPoint","urlTemplate":"https:\/\/www.palixon.com\/?s={search_term_string}"},"query-input":{"@type":"PropertyValueSpecification","valueRequired":true,"valueName":"search_term_string"}}],"inLanguage":"de"}]}},"_links":{"self":[{"href":"https:\/\/www.palixon.com\/de\/wp-json\/wp\/v2\/pages\/458"}],"collection":[{"href":"https:\/\/www.palixon.com\/de\/wp-json\/wp\/v2\/pages"}],"about":[{"href":"https:\/\/www.palixon.com\/de\/wp-json\/wp\/v2\/types\/page"}],"author":[{"embeddable":true,"href":"https:\/\/www.palixon.com\/de\/wp-json\/wp\/v2\/users\/2"}],"replies":[{"embeddable":true,"href":"https:\/\/www.palixon.com\/de\/wp-json\/wp\/v2\/comments?post=458"}],"version-history":[{"count":4,"href":"https:\/\/www.palixon.com\/de\/wp-json\/wp\/v2\/pages\/458\/revisions"}],"predecessor-version":[{"id":479,"href":"https:\/\/www.palixon.com\/de\/wp-json\/wp\/v2\/pages\/458\/revisions\/479"}],"wp:attachment":[{"href":"https:\/\/www.palixon.com\/de\/wp-json\/wp\/v2\/media?parent=458"}],"curies":[{"name":"wp","href":"https:\/\/api.w.org\/{rel}","templated":true}]}}