{"id":235,"date":"2020-01-01T21:07:30","date_gmt":"2020-01-01T20:07:30","guid":{"rendered":"https:\/\/www.palixon.com\/?page_id=235"},"modified":"2020-01-01T22:17:55","modified_gmt":"2020-01-01T21:17:55","slug":"gratis-katalog","status":"publish","type":"page","link":"https:\/\/www.palixon.com\/de\/gratis-katalog\/","title":{"rendered":"Gratis Katalog"},"content":{"rendered":"\n<div class=\"wp-block-columns is-layout-flex wp-container-core-columns-is-layout-1 wp-block-columns-is-layout-flex\">\n<div class=\"wp-block-column is-layout-flow wp-block-column-is-layout-flow\">\n<section class=\"site__element\" data-headercolor=\"black\">\n\n\t<div class=\"site__container cols-two\">\n\t\t\n\t\t\t\t\t<div class=\"cols-two__left cols-two__left--small\">\n\t\t\t\t<p class=\"text-accent\">Was ist PALIXON\u00ae?<\/p>\n\t\t\t<\/div>\n\t\t\t\t\t\n\t\t\n\t\t\t<div class=\"cols-two__right cols-two__right--big\">\n\t\t\t\t<p>Das patentierte PALIXON\u00ae Zaunsystem ist eine absolute Weltneuheit! Es besteht aus einem Grundger\u00fcst aus pulverbeschichtetem Aluminium und kann mit verschiedensten F\u00fcllelementen vervollst\u00e4ndigt werden. Die PALIXON\u00ae Range reicht von blickdichten F\u00fcllelementen in Holz- oder Steinoptik bis hin zu beleuchteten Glas-F\u00fcllelementen.<\/p>\n\t\t\t<\/div>\n\n\t\t\n\t<\/div>\n<\/section><\/div>\n\n\n\n<div class=\"wp-block-column is-layout-flow wp-block-column-is-layout-flow\">\n<figure class=\"wp-block-image size-large\"><img loading=\"lazy\" decoding=\"async\" width=\"1024\" height=\"663\" src=\"https:\/\/www.palixon.com\/wp-content\/uploads\/2019\/11\/palixon-mockup-09-001_0045-1024x663.jpg\" alt=\"\" class=\"wp-image-73\" srcset=\"https:\/\/www.palixon.com\/wp-content\/uploads\/2019\/11\/palixon-mockup-09-001_0045-1024x663.jpg 1024w, https:\/\/www.palixon.com\/wp-content\/uploads\/2019\/11\/palixon-mockup-09-001_0045-300x194.jpg 300w, https:\/\/www.palixon.com\/wp-content\/uploads\/2019\/11\/palixon-mockup-09-001_0045-768x497.jpg 768w, https:\/\/www.palixon.com\/wp-content\/uploads\/2019\/11\/palixon-mockup-09-001_0045-340x220.jpg 340w, https:\/\/www.palixon.com\/wp-content\/uploads\/2019\/11\/palixon-mockup-09-001_0045-680x440.jpg 680w, https:\/\/www.palixon.com\/wp-content\/uploads\/2019\/11\/palixon-mockup-09-001_0045-520x337.jpg 520w, https:\/\/www.palixon.com\/wp-content\/uploads\/2019\/11\/palixon-mockup-09-001_0045-880x570.jpg 880w, https:\/\/www.palixon.com\/wp-content\/uploads\/2019\/11\/palixon-mockup-09-001_0045-1140x738.jpg 1140w, https:\/\/www.palixon.com\/wp-content\/uploads\/2019\/11\/palixon-mockup-09-001_0045-1460x945.jpg 1460w, https:\/\/www.palixon.com\/wp-content\/uploads\/2019\/11\/palixon-mockup-09-001_0045-1980x1282.jpg 1980w\" sizes=\"(max-width: 1024px) 100vw, 1024px\" \/><\/figure>\n<\/div>\n<\/div>\n\n\n\n<div class=\"wp-block-columns is-layout-flex wp-container-core-columns-is-layout-2 wp-block-columns-is-layout-flex\">\n<div class=\"wp-block-column is-vertically-aligned-center is-layout-flow wp-block-column-is-layout-flow\">\n<figure class=\"wp-block-image alignwide size-large\"><img loading=\"lazy\" decoding=\"async\" width=\"1024\" height=\"586\" src=\"https:\/\/www.palixon.com\/wp-content\/uploads\/2020\/01\/Scene_6_lens_blur-1024x586.jpg\" alt=\"\" class=\"wp-image-237\" srcset=\"https:\/\/www.palixon.com\/wp-content\/uploads\/2020\/01\/Scene_6_lens_blur-1024x586.jpg 1024w, https:\/\/www.palixon.com\/wp-content\/uploads\/2020\/01\/Scene_6_lens_blur-300x172.jpg 300w, https:\/\/www.palixon.com\/wp-content\/uploads\/2020\/01\/Scene_6_lens_blur-768x439.jpg 768w, https:\/\/www.palixon.com\/wp-content\/uploads\/2020\/01\/Scene_6_lens_blur-1536x879.jpg 1536w, https:\/\/www.palixon.com\/wp-content\/uploads\/2020\/01\/Scene_6_lens_blur-2048x1171.jpg 2048w, https:\/\/www.palixon.com\/wp-content\/uploads\/2020\/01\/Scene_6_lens_blur-340x194.jpg 340w, https:\/\/www.palixon.com\/wp-content\/uploads\/2020\/01\/Scene_6_lens_blur-680x389.jpg 680w, https:\/\/www.palixon.com\/wp-content\/uploads\/2020\/01\/Scene_6_lens_blur-520x297.jpg 520w, https:\/\/www.palixon.com\/wp-content\/uploads\/2020\/01\/Scene_6_lens_blur-880x503.jpg 880w, https:\/\/www.palixon.com\/wp-content\/uploads\/2020\/01\/Scene_6_lens_blur-1140x652.jpg 1140w, https:\/\/www.palixon.com\/wp-content\/uploads\/2020\/01\/Scene_6_lens_blur-1460x835.jpg 1460w, https:\/\/www.palixon.com\/wp-content\/uploads\/2020\/01\/Scene_6_lens_blur-1980x1133.jpg 1980w\" sizes=\"(max-width: 1024px) 100vw, 1024px\" \/><\/figure>\n\n\n\n<figure class=\"wp-block-image alignwide size-large\"><img loading=\"lazy\" decoding=\"async\" width=\"1024\" height=\"585\" src=\"https:\/\/www.palixon.com\/wp-content\/uploads\/2020\/01\/Scene_8_2-1024x585.jpg\" alt=\"\" class=\"wp-image-243\" srcset=\"https:\/\/www.palixon.com\/wp-content\/uploads\/2020\/01\/Scene_8_2-1024x585.jpg 1024w, https:\/\/www.palixon.com\/wp-content\/uploads\/2020\/01\/Scene_8_2-300x171.jpg 300w, https:\/\/www.palixon.com\/wp-content\/uploads\/2020\/01\/Scene_8_2-768x439.jpg 768w, https:\/\/www.palixon.com\/wp-content\/uploads\/2020\/01\/Scene_8_2-1536x878.jpg 1536w, https:\/\/www.palixon.com\/wp-content\/uploads\/2020\/01\/Scene_8_2-2048x1170.jpg 2048w, https:\/\/www.palixon.com\/wp-content\/uploads\/2020\/01\/Scene_8_2-340x194.jpg 340w, https:\/\/www.palixon.com\/wp-content\/uploads\/2020\/01\/Scene_8_2-680x389.jpg 680w, https:\/\/www.palixon.com\/wp-content\/uploads\/2020\/01\/Scene_8_2-520x297.jpg 520w, https:\/\/www.palixon.com\/wp-content\/uploads\/2020\/01\/Scene_8_2-880x503.jpg 880w, https:\/\/www.palixon.com\/wp-content\/uploads\/2020\/01\/Scene_8_2-1140x651.jpg 1140w, https:\/\/www.palixon.com\/wp-content\/uploads\/2020\/01\/Scene_8_2-1460x834.jpg 1460w, https:\/\/www.palixon.com\/wp-content\/uploads\/2020\/01\/Scene_8_2-1980x1131.jpg 1980w\" sizes=\"(max-width: 1024px) 100vw, 1024px\" \/><\/figure>\n<\/div>\n\n\n\n<div class=\"wp-block-column is-layout-flow wp-block-column-is-layout-flow\">\n<section class=\"site__element\" data-headercolor=\"black\">\n\n\t<div class=\"site__container \">\n\t\t\n\t\t\t\t\t\n\t\t\t\t\t\n            <div \n                class=\"elfsight-widget-form-builder elfsight-widget\" \n                data-elfsight-form-builder-options=\"%7B%22ei%22%3A%22%22%2C%22fields%22%3A%5B%7B%22type%22%3A%22text%22%2C%22placeholder%22%3A%22Max%20Mustermann%22%2C%22description%22%3A%22%22%2C%22label%22%3A%22Name%22%2C%22required%22%3Atrue%2C%22columnWidth%22%3A50%2C%22id%22%3A%22%5Bname%5D%22%7D%2C%7B%22type%22%3A%22text%22%2C%22label%22%3A%22Firma%22%2C%22name%22%3A%22%22%2C%22placeholder%22%3A%22Musterfirma%22%2C%22options%22%3A%22Option%201%5CnOption%202%22%2C%22scaleNumbersMin%22%3A1%2C%22scaleNumbersMax%22%3A10%2C%22leftCaption%22%3A%22Not%20likely%22%2C%22rightCaption%22%3A%22Very%20likely%22%2C%22fileLinkCaption%22%3A%22Choose%20file%22%2C%22fileDragCaption%22%3A%22or%20drag%20%26%20drop%20here%22%2C%22text%22%3A%22Text%22%2C%22title%22%3A%22Heading%22%2C%22caption%22%3A%22%22%2C%22value%22%3A%22%22%2C%22labelText%22%3A%22Label%22%2C%22dateTime%22%3A%22date%22%2C%22dateFormat%22%3A%22d.m.Y%22%2C%22timeFormat%22%3A%22H%3Ai%22%2C%22starsCount%22%3A5%2C%22required%22%3Afalse%2C%22description%22%3A%22%22%2C%22columnWidth%22%3A50%2C%22elementColumnWidth%22%3A100%2C%22fileAllowedAll%22%3Atrue%2C%22fileAllowed%22%3A%5B%22.jpg%22%2C%22.jpeg%22%2C%22.png%22%2C%22.gif%22%2C%22.txt%22%2C%22.pdf%22%2C%22.doc%22%2C%22.docx%22%2C%22.pages%22%2C%22.numbers%22%2C%22.xls%22%2C%22.xlsx%22%2C%22.odt%22%2C%22.ppt%22%2C%22.pptx%22%2C%22.pps%22%2C%22.ppsx%22%2C%22.html%22%5D%2C%22fileMax%22%3A25%2C%22fields%22%3A%22%22%2C%22id%22%3A%22%5Bfirma%5D%22%7D%2C%7B%22type%22%3A%22email%22%2C%22label%22%3A%22eMail%20Adresse%22%2C%22description%22%3A%22Parallel%20erhalten%20Sie%20den%20Katalog%20sofort%20als%20PDF%20Download%20per%20eMail%22%2C%22placeholder%22%3A%22beispiel%40domain.de%22%2C%22required%22%3Atrue%2C%22columnWidth%22%3A100%2C%22id%22%3A%22%5Bemail-adresse%5D%22%7D%2C%7B%22type%22%3A%22dropdown%22%2C%22label%22%3A%22Branche%22%2C%22name%22%3A%22%22%2C%22placeholder%22%3A%22Architekt%22%2C%22options%22%3A%22Privat%5CnArchitekt%5CnGro%5Cu00dfh%5Cu00e4ndler%5CnH%5Cu00e4ndler%5CnVerarbeiter%5CnBauunternehmen%5CnImmobilienentwickler%5CnSonstiges%22%2C%22scaleNumbersMin%22%3A1%2C%22scaleNumbersMax%22%3A10%2C%22leftCaption%22%3A%22Not%20likely%22%2C%22rightCaption%22%3A%22Very%20likely%22%2C%22fileLinkCaption%22%3A%22Choose%20file%22%2C%22fileDragCaption%22%3A%22or%20drag%20%26%20drop%20here%22%2C%22text%22%3A%22Text%22%2C%22title%22%3A%22Heading%22%2C%22caption%22%3A%22%22%2C%22value%22%3A%22%22%2C%22labelText%22%3A%22Label%22%2C%22dateTime%22%3A%22date%22%2C%22dateFormat%22%3A%22d.m.Y%22%2C%22timeFormat%22%3A%22H%3Ai%22%2C%22starsCount%22%3A5%2C%22required%22%3Afalse%2C%22description%22%3A%22%22%2C%22columnWidth%22%3A50%2C%22elementColumnWidth%22%3A100%2C%22fileAllowedAll%22%3Atrue%2C%22fileAllowed%22%3A%5B%22.jpg%22%2C%22.jpeg%22%2C%22.png%22%2C%22.gif%22%2C%22.txt%22%2C%22.pdf%22%2C%22.doc%22%2C%22.docx%22%2C%22.pages%22%2C%22.numbers%22%2C%22.xls%22%2C%22.xlsx%22%2C%22.odt%22%2C%22.ppt%22%2C%22.pptx%22%2C%22.pps%22%2C%22.ppsx%22%2C%22.html%22%5D%2C%22fileMax%22%3A25%2C%22fields%22%3A%22%22%2C%22id%22%3A%22%5Bbranche%5D%22%7D%2C%7B%22type%22%3A%22phone%22%2C%22label%22%3A%22Telefon%22%2C%22name%22%3A%22%22%2C%22placeholder%22%3A%22%2B49-999-999-999%22%2C%22options%22%3A%22Option%201%5CnOption%202%22%2C%22scaleNumbersMin%22%3A1%2C%22scaleNumbersMax%22%3A10%2C%22leftCaption%22%3A%22Not%20likely%22%2C%22rightCaption%22%3A%22Very%20likely%22%2C%22fileLinkCaption%22%3A%22Choose%20file%22%2C%22fileDragCaption%22%3A%22or%20drag%20%26%20drop%20here%22%2C%22text%22%3A%22Text%22%2C%22title%22%3A%22Heading%22%2C%22caption%22%3A%22%22%2C%22value%22%3A%22%22%2C%22labelText%22%3A%22Label%22%2C%22dateTime%22%3A%22date%22%2C%22dateFormat%22%3A%22d.m.Y%22%2C%22timeFormat%22%3A%22H%3Ai%22%2C%22starsCount%22%3A5%2C%22required%22%3Afalse%2C%22description%22%3A%22%22%2C%22columnWidth%22%3A50%2C%22elementColumnWidth%22%3A100%2C%22fileAllowedAll%22%3Atrue%2C%22fileAllowed%22%3A%5B%22.jpg%22%2C%22.jpeg%22%2C%22.png%22%2C%22.gif%22%2C%22.txt%22%2C%22.pdf%22%2C%22.doc%22%2C%22.docx%22%2C%22.pages%22%2C%22.numbers%22%2C%22.xls%22%2C%22.xlsx%22%2C%22.odt%22%2C%22.ppt%22%2C%22.pptx%22%2C%22.pps%22%2C%22.ppsx%22%2C%22.html%22%5D%2C%22fileMax%22%3A25%2C%22fields%22%3A%22%22%2C%22id%22%3A%22%5Btelefon%5D%22%7D%2C%7B%22type%22%3A%22text%22%2C%22label%22%3A%22Stra%5Cu00dfe%20und%20Hausnummer%22%2C%22name%22%3A%22%22%2C%22placeholder%22%3A%22Musterstra%5Cu00dfe%2050%22%2C%22options%22%3A%22Option%201%5CnOption%202%22%2C%22scaleNumbersMin%22%3A1%2C%22scaleNumbersMax%22%3A10%2C%22leftCaption%22%3A%22Not%20likely%22%2C%22rightCaption%22%3A%22Very%20likely%22%2C%22fileLinkCaption%22%3A%22Choose%20file%22%2C%22fileDragCaption%22%3A%22or%20drag%20%26%20drop%20here%22%2C%22text%22%3A%22Text%22%2C%22title%22%3A%22Heading%22%2C%22caption%22%3A%22%22%2C%22value%22%3A%22%22%2C%22labelText%22%3A%22Label%22%2C%22dateTime%22%3A%22date%22%2C%22dateFormat%22%3A%22d.m.Y%22%2C%22timeFormat%22%3A%22H%3Ai%22%2C%22starsCount%22%3A5%2C%22required%22%3Atrue%2C%22description%22%3A%22%22%2C%22columnWidth%22%3A100%2C%22elementColumnWidth%22%3A100%2C%22fileAllowedAll%22%3Atrue%2C%22fileAllowed%22%3A%5B%22.jpg%22%2C%22.jpeg%22%2C%22.png%22%2C%22.gif%22%2C%22.txt%22%2C%22.pdf%22%2C%22.doc%22%2C%22.docx%22%2C%22.pages%22%2C%22.numbers%22%2C%22.xls%22%2C%22.xlsx%22%2C%22.odt%22%2C%22.ppt%22%2C%22.pptx%22%2C%22.pps%22%2C%22.ppsx%22%2C%22.html%22%5D%2C%22fileMax%22%3A25%2C%22fields%22%3A%22%22%2C%22id%22%3A%22%5Bstra%5Cu00dfe-und-hausnummer%5D%22%7D%2C%7B%22type%22%3A%22text%22%2C%22label%22%3A%22Adresszusatz%20%28optional%29%22%2C%22name%22%3A%22%22%2C%22placeholder%22%3A%22z.B.%20Stockwerk%20oder%20Hinterhof%22%2C%22options%22%3A%22Option%201%5CnOption%202%22%2C%22scaleNumbersMin%22%3A1%2C%22scaleNumbersMax%22%3A10%2C%22leftCaption%22%3A%22Not%20likely%22%2C%22rightCaption%22%3A%22Very%20likely%22%2C%22fileLinkCaption%22%3A%22Choose%20file%22%2C%22fileDragCaption%22%3A%22or%20drag%20%26%20drop%20here%22%2C%22text%22%3A%22Text%22%2C%22title%22%3A%22Heading%22%2C%22caption%22%3A%22%22%2C%22value%22%3A%22%22%2C%22labelText%22%3A%22Label%22%2C%22dateTime%22%3A%22date%22%2C%22dateFormat%22%3A%22d.m.Y%22%2C%22timeFormat%22%3A%22H%3Ai%22%2C%22starsCount%22%3A5%2C%22required%22%3Afalse%2C%22description%22%3A%22%22%2C%22columnWidth%22%3A100%2C%22elementColumnWidth%22%3A100%2C%22fileAllowedAll%22%3Atrue%2C%22fileAllowed%22%3A%5B%22.jpg%22%2C%22.jpeg%22%2C%22.png%22%2C%22.gif%22%2C%22.txt%22%2C%22.pdf%22%2C%22.doc%22%2C%22.docx%22%2C%22.pages%22%2C%22.numbers%22%2C%22.xls%22%2C%22.xlsx%22%2C%22.odt%22%2C%22.ppt%22%2C%22.pptx%22%2C%22.pps%22%2C%22.ppsx%22%2C%22.html%22%5D%2C%22fileMax%22%3A25%2C%22fields%22%3A%22%22%2C%22id%22%3A%22%5Badresszusatz-%28optional%29%5D%22%7D%2C%7B%22type%22%3A%22text%22%2C%22label%22%3A%22Postleitzahl%22%2C%22name%22%3A%22%22%2C%22placeholder%22%3A%2212345%22%2C%22options%22%3A%22Option%201%5CnOption%202%22%2C%22scaleNumbersMin%22%3A1%2C%22scaleNumbersMax%22%3A10%2C%22leftCaption%22%3A%22Not%20likely%22%2C%22rightCaption%22%3A%22Very%20likely%22%2C%22fileLinkCaption%22%3A%22Choose%20file%22%2C%22fileDragCaption%22%3A%22or%20drag%20%26%20drop%20here%22%2C%22text%22%3A%22Text%22%2C%22title%22%3A%22Heading%22%2C%22caption%22%3A%22%22%2C%22value%22%3A%22%22%2C%22labelText%22%3A%22Label%22%2C%22dateTime%22%3A%22date%22%2C%22dateFormat%22%3A%22d.m.Y%22%2C%22timeFormat%22%3A%22H%3Ai%22%2C%22starsCount%22%3A5%2C%22required%22%3Atrue%2C%22description%22%3A%22%22%2C%22columnWidth%22%3A50%2C%22elementColumnWidth%22%3A100%2C%22fileAllowedAll%22%3Atrue%2C%22fileAllowed%22%3A%5B%22.jpg%22%2C%22.jpeg%22%2C%22.png%22%2C%22.gif%22%2C%22.txt%22%2C%22.pdf%22%2C%22.doc%22%2C%22.docx%22%2C%22.pages%22%2C%22.numbers%22%2C%22.xls%22%2C%22.xlsx%22%2C%22.odt%22%2C%22.ppt%22%2C%22.pptx%22%2C%22.pps%22%2C%22.ppsx%22%2C%22.html%22%5D%2C%22fileMax%22%3A25%2C%22fields%22%3A%22%22%2C%22id%22%3A%22%5Bpostleitzahl%5D%22%7D%2C%7B%22type%22%3A%22text%22%2C%22label%22%3A%22Ort%22%2C%22name%22%3A%22%22%2C%22placeholder%22%3A%22Musterstadt%22%2C%22options%22%3A%22Option%201%5CnOption%202%22%2C%22scaleNumbersMin%22%3A1%2C%22scaleNumbersMax%22%3A10%2C%22leftCaption%22%3A%22Not%20likely%22%2C%22rightCaption%22%3A%22Very%20likely%22%2C%22fileLinkCaption%22%3A%22Choose%20file%22%2C%22fileDragCaption%22%3A%22or%20drag%20%26%20drop%20here%22%2C%22text%22%3A%22Text%22%2C%22title%22%3A%22Heading%22%2C%22caption%22%3A%22%22%2C%22value%22%3A%22%22%2C%22labelText%22%3A%22Label%22%2C%22dateTime%22%3A%22date%22%2C%22dateFormat%22%3A%22d.m.Y%22%2C%22timeFormat%22%3A%22H%3Ai%22%2C%22starsCount%22%3A5%2C%22required%22%3Atrue%2C%22description%22%3A%22%22%2C%22columnWidth%22%3A50%2C%22elementColumnWidth%22%3A100%2C%22fileAllowedAll%22%3Atrue%2C%22fileAllowed%22%3A%5B%22.jpg%22%2C%22.jpeg%22%2C%22.png%22%2C%22.gif%22%2C%22.txt%22%2C%22.pdf%22%2C%22.doc%22%2C%22.docx%22%2C%22.pages%22%2C%22.numbers%22%2C%22.xls%22%2C%22.xlsx%22%2C%22.odt%22%2C%22.ppt%22%2C%22.pptx%22%2C%22.pps%22%2C%22.ppsx%22%2C%22.html%22%5D%2C%22fileMax%22%3A25%2C%22fields%22%3A%22%22%2C%22id%22%3A%22%5Bort%5D%22%7D%5D%2C%22headerActive%22%3Atrue%2C%22headerTitle%22%3A%22GRATIS%20KATALOG%20BESTELLEN%22%2C%22headerText%22%3A%22Wir%20schicken%20Ihnen%20schnellstm%5Cu00f6glich%20und%20v%5Cu00f6llig%20kostenfrei%20Ihren%20pers%5Cu00f6nlichen%20Katalog%20auf%20dem%20Postweg%20zu%22%2C%22headerPictureUrl%22%3A%22compose%22%2C%22footerText%22%3A%22%22%2C%22actionAfterSubmit%22%3A%22message%22%2C%22successMessage%22%3A%22Ihr%20Katalog%20ist%20auf%20dem%20Weg%20zu%20Ihnen%21%26nbsp%3B%22%2C%22successContinueText%22%3A%22OK%22%2C%22redirectUrl%22%3A%22https%3A%5C%2F%5C%2Fexample.com%22%2C%22submitText%22%3A%22Abschicken%22%2C%22stepsMessagesDivider%22%3Anull%2C%22stepsMessagesTitle%22%3Anull%2C%22stepsText%22%3A%22step%20%251%20of%20%252%22%2C%22stepBackText%22%3A%22Back%22%2C%22stepNextText%22%3A%22Next%22%2C%22errorMessageAllRequired%22%3A%22Please%2C%20fill%20all%20the%20required%20fields%22%2C%22errorMessageAllIncorrect%22%3A%22Please%2C%20fill%20all%20the%20fields%20correctly%22%2C%22errorMessageSetMailTo%22%3A%22Please%2C%20set%20the%20email%20to%20send%20messages%20to%22%2C%22errorMessageRequiredCaptcha%22%3A%22Please%2C%20enter%20the%20captcha%22%2C%22errorMessageFileSizeLimit%22%3A%22File%20size%20limit%20exceeded%22%2C%22errorMessageFileNotAllowed%22%3A%22File%20extension%20not%20allowed%22%2C%22errorMessageUnknown%22%3A%22Unknown%20error%22%2C%22errorMessageRequired%22%3A%22Required%20field%22%2C%22errorMessageInvalid%22%3A%22Invalid%22%2C%22errorMessageInvalidEmail%22%3A%22Invalid%20email%22%2C%22errorMessageInvalidPhone%22%3A%22Invalid%20phone%20number%22%2C%22errorMessageInvalidUrl%22%3A%22Invalid%20URL%22%2C%22calendarWeekdaysShorthand%22%3A%22Sun%5CnMon%5CnTue%5CnWed%5CnThu%5CnFri%5CnSat%22%2C%22calendarMonthsLonghand%22%3A%22January%5CnFebruary%5CnMarch%5CnApril%5CnMay%5CnJune%5CnJuly%5CnAugust%5CnSeptember%5CnOctober%5CnNovember%5CnDecember%22%2C%22showProgress%22%3Atrue%2C%22recaptchaType%22%3A%22invisible%22%2C%22integrationsGoogleToken%22%3A%22%22%2C%22integrationsGoogleSheetId%22%3A%22%22%2C%22layout%22%3A%22default%22%2C%22floatingIcon%22%3A%22message%22%2C%22floatingText%22%3A%22%22%2C%22floatingPosition%22%3A%22right%22%2C%22width%22%3A%22580%22%2C%22style%22%3A%22flat%22%2C%22mainColor%22%3A%22rgb%280%2C%200%2C%200%29%22%2C%22apiUrl%22%3A%22https%3A%5C%2F%5C%2Fwww.palixon.com%5C%2Fde%5C%2Fwp-json%5C%2Felfsight-form-builder%5C%2Fapi%22%2C%22recaptchaKeyCheckbox%22%3A%226LfXGHgUAAAAAHNIE_EH7kEI1l4xvf_ynIlg5bfo%22%2C%22recaptchaKeyInvisible%22%3A%226Ld1CXgUAAAAAFTHmixC1Eo-NP7_3ddB1YOj9AfX%22%2C%22widgetId%22%3A%223%22%7D\" \n                data-elfsight-form-builder-version=\"1.5.1\"\n                data-elfsight-widget-id=\"elfsight-form-builder-3\">\n            <\/div>\n            \n\t\t\n\t<\/div>\n<\/section><\/div>\n<\/div>\n","protected":false},"excerpt":{"rendered":"","protected":false},"author":2,"featured_media":0,"parent":0,"menu_order":0,"comment_status":"closed","ping_status":"closed","template":"","meta":{"_acf_changed":false,"_exactmetrics_skip_tracking":false,"_exactmetrics_sitenote_active":false,"_exactmetrics_sitenote_note":"","_exactmetrics_sitenote_category":0,"footnotes":""},"class_list":["post-235","page","type-page","status-publish","hentry"],"acf":[],"yoast_head":"<!-- This site is optimized with the Yoast SEO plugin v23.8 - https:\/\/yoast.com\/wordpress\/plugins\/seo\/ -->\n<title>Gratis Katalog &#8211; Palixon<\/title>\n<meta name=\"robots\" content=\"index, follow, max-snippet:-1, max-image-preview:large, max-video-preview:-1\" \/>\n<link rel=\"canonical\" href=\"https:\/\/www.palixon.com\/de\/gratis-katalog\/\" \/>\n<meta property=\"og:locale\" content=\"de_DE\" \/>\n<meta property=\"og:type\" content=\"article\" \/>\n<meta property=\"og:title\" content=\"Gratis Katalog &#8211; Palixon\" \/>\n<meta property=\"og:url\" content=\"https:\/\/www.palixon.com\/de\/gratis-katalog\/\" \/>\n<meta property=\"og:site_name\" content=\"Palixon\" \/>\n<meta property=\"article:modified_time\" content=\"2020-01-01T21:17:55+00:00\" \/>\n<meta property=\"og:image\" content=\"https:\/\/www.palixon.com\/wp-content\/uploads\/2019\/11\/palixon-mockup-09-001_0045-1024x663.jpg\" \/>\n\t<meta property=\"og:image:width\" content=\"1024\" \/>\n\t<meta property=\"og:image:height\" content=\"663\" \/>\n\t<meta property=\"og:image:type\" content=\"image\/jpeg\" \/>\n<meta name=\"twitter:card\" content=\"summary_large_image\" \/>\n<script type=\"application\/ld+json\" class=\"yoast-schema-graph\">{\"@context\":\"https:\/\/schema.org\",\"@graph\":[{\"@type\":\"WebPage\",\"@id\":\"https:\/\/www.palixon.com\/de\/gratis-katalog\/\",\"url\":\"https:\/\/www.palixon.com\/de\/gratis-katalog\/\",\"name\":\"Gratis Katalog &#8211; Palixon\",\"isPartOf\":{\"@id\":\"https:\/\/www.palixon.com\/#website\"},\"primaryImageOfPage\":{\"@id\":\"https:\/\/www.palixon.com\/de\/gratis-katalog\/#primaryimage\"},\"image\":{\"@id\":\"https:\/\/www.palixon.com\/de\/gratis-katalog\/#primaryimage\"},\"thumbnailUrl\":\"https:\/\/www.palixon.com\/wp-content\/uploads\/2019\/11\/palixon-mockup-09-001_0045-1024x663.jpg\",\"datePublished\":\"2020-01-01T20:07:30+00:00\",\"dateModified\":\"2020-01-01T21:17:55+00:00\",\"breadcrumb\":{\"@id\":\"https:\/\/www.palixon.com\/de\/gratis-katalog\/#breadcrumb\"},\"inLanguage\":\"de\",\"potentialAction\":[{\"@type\":\"ReadAction\",\"target\":[\"https:\/\/www.palixon.com\/de\/gratis-katalog\/\"]}]},{\"@type\":\"ImageObject\",\"inLanguage\":\"de\",\"@id\":\"https:\/\/www.palixon.com\/de\/gratis-katalog\/#primaryimage\",\"url\":\"https:\/\/www.palixon.com\/wp-content\/uploads\/2019\/11\/palixon-mockup-09-001_0045-1024x663.jpg\",\"contentUrl\":\"https:\/\/www.palixon.com\/wp-content\/uploads\/2019\/11\/palixon-mockup-09-001_0045-1024x663.jpg\"},{\"@type\":\"BreadcrumbList\",\"@id\":\"https:\/\/www.palixon.com\/de\/gratis-katalog\/#breadcrumb\",\"itemListElement\":[{\"@type\":\"ListItem\",\"position\":1,\"name\":\"Startseite\",\"item\":\"https:\/\/www.palixon.com\/de\/\"},{\"@type\":\"ListItem\",\"position\":2,\"name\":\"Gratis Katalog\"}]},{\"@type\":\"WebSite\",\"@id\":\"https:\/\/www.palixon.com\/#website\",\"url\":\"https:\/\/www.palixon.com\/\",\"name\":\"Palixon\",\"description\":\"\",\"potentialAction\":[{\"@type\":\"SearchAction\",\"target\":{\"@type\":\"EntryPoint\",\"urlTemplate\":\"https:\/\/www.palixon.com\/?s={search_term_string}\"},\"query-input\":{\"@type\":\"PropertyValueSpecification\",\"valueRequired\":true,\"valueName\":\"search_term_string\"}}],\"inLanguage\":\"de\"}]}<\/script>\n<!-- \/ Yoast SEO plugin. -->","yoast_head_json":{"title":"Gratis Katalog &#8211; Palixon","robots":{"index":"index","follow":"follow","max-snippet":"max-snippet:-1","max-image-preview":"max-image-preview:large","max-video-preview":"max-video-preview:-1"},"canonical":"https:\/\/www.palixon.com\/de\/gratis-katalog\/","og_locale":"de_DE","og_type":"article","og_title":"Gratis Katalog &#8211; Palixon","og_url":"https:\/\/www.palixon.com\/de\/gratis-katalog\/","og_site_name":"Palixon","article_modified_time":"2020-01-01T21:17:55+00:00","og_image":[{"width":1024,"height":663,"url":"https:\/\/www.palixon.com\/wp-content\/uploads\/2019\/11\/palixon-mockup-09-001_0045-1024x663.jpg","type":"image\/jpeg"}],"twitter_card":"summary_large_image","schema":{"@context":"https:\/\/schema.org","@graph":[{"@type":"WebPage","@id":"https:\/\/www.palixon.com\/de\/gratis-katalog\/","url":"https:\/\/www.palixon.com\/de\/gratis-katalog\/","name":"Gratis Katalog &#8211; Palixon","isPartOf":{"@id":"https:\/\/www.palixon.com\/#website"},"primaryImageOfPage":{"@id":"https:\/\/www.palixon.com\/de\/gratis-katalog\/#primaryimage"},"image":{"@id":"https:\/\/www.palixon.com\/de\/gratis-katalog\/#primaryimage"},"thumbnailUrl":"https:\/\/www.palixon.com\/wp-content\/uploads\/2019\/11\/palixon-mockup-09-001_0045-1024x663.jpg","datePublished":"2020-01-01T20:07:30+00:00","dateModified":"2020-01-01T21:17:55+00:00","breadcrumb":{"@id":"https:\/\/www.palixon.com\/de\/gratis-katalog\/#breadcrumb"},"inLanguage":"de","potentialAction":[{"@type":"ReadAction","target":["https:\/\/www.palixon.com\/de\/gratis-katalog\/"]}]},{"@type":"ImageObject","inLanguage":"de","@id":"https:\/\/www.palixon.com\/de\/gratis-katalog\/#primaryimage","url":"https:\/\/www.palixon.com\/wp-content\/uploads\/2019\/11\/palixon-mockup-09-001_0045-1024x663.jpg","contentUrl":"https:\/\/www.palixon.com\/wp-content\/uploads\/2019\/11\/palixon-mockup-09-001_0045-1024x663.jpg"},{"@type":"BreadcrumbList","@id":"https:\/\/www.palixon.com\/de\/gratis-katalog\/#breadcrumb","itemListElement":[{"@type":"ListItem","position":1,"name":"Startseite","item":"https:\/\/www.palixon.com\/de\/"},{"@type":"ListItem","position":2,"name":"Gratis Katalog"}]},{"@type":"WebSite","@id":"https:\/\/www.palixon.com\/#website","url":"https:\/\/www.palixon.com\/","name":"Palixon","description":"","potentialAction":[{"@type":"SearchAction","target":{"@type":"EntryPoint","urlTemplate":"https:\/\/www.palixon.com\/?s={search_term_string}"},"query-input":{"@type":"PropertyValueSpecification","valueRequired":true,"valueName":"search_term_string"}}],"inLanguage":"de"}]}},"_links":{"self":[{"href":"https:\/\/www.palixon.com\/de\/wp-json\/wp\/v2\/pages\/235"}],"collection":[{"href":"https:\/\/www.palixon.com\/de\/wp-json\/wp\/v2\/pages"}],"about":[{"href":"https:\/\/www.palixon.com\/de\/wp-json\/wp\/v2\/types\/page"}],"author":[{"embeddable":true,"href":"https:\/\/www.palixon.com\/de\/wp-json\/wp\/v2\/users\/2"}],"replies":[{"embeddable":true,"href":"https:\/\/www.palixon.com\/de\/wp-json\/wp\/v2\/comments?post=235"}],"version-history":[{"count":78,"href":"https:\/\/www.palixon.com\/de\/wp-json\/wp\/v2\/pages\/235\/revisions"}],"predecessor-version":[{"id":334,"href":"https:\/\/www.palixon.com\/de\/wp-json\/wp\/v2\/pages\/235\/revisions\/334"}],"wp:attachment":[{"href":"https:\/\/www.palixon.com\/de\/wp-json\/wp\/v2\/media?parent=235"}],"curies":[{"name":"wp","href":"https:\/\/api.w.org\/{rel}","templated":true}]}}